{"id":26,"date":"2015-08-04T22:14:07","date_gmt":"2015-08-04T22:14:07","guid":{"rendered":"http:\/\/themes.cosmoxio.com\/themes-2\/?page_id=26"},"modified":"2019-03-16T00:11:21","modified_gmt":"2019-03-16T00:11:21","slug":"iletisim","status":"publish","type":"page","link":"https:\/\/modelofturkey.com.tr\/?page_id=26","title":{"rendered":"CONTACT"},"content":{"rendered":"<p>[vc_row][vc_column]<h3 class=\"csmx-section-title csmx-align-left\" style=\"color: #332647;\">Would you like to contact us?<\/h3>[vc_column_text]Under the brand name MISTER GLOBE \u00ae; &#8216;Mister Globe National&#8217; and &#8216;Mister Globe International&#8217;; The competition is held in two stages. Models participating in the Mister Globe competition are trained according to their abilities. These titles are a popular event depicted from the traditional royal culture. The models participating in the competition become well known stars in the performing arts. they offer morale as a role model to their communities.[\/vc_column_text][vc_row_inner css=&#8221;.vc_custom_1447717000782{padding-bottom: 30px !important;}&#8221;][vc_column_inner width=&#8221;1\/3&#8243;]\t\t<div class=\"csmx-contact-info\" style=\"\">\r\n\t\t\t\t\t\t\t<h4>Center Office<\/h4>\r\n\t\t\t\t\t\t<ul>\r\n\t\t\t\t\t\t\t\t\t<li><p><i class=\"icon-location\"><\/i> Our Address<\/p>\r\n\r\n\t\t\t\t\t\t<p>Merkez Mahallesi, Han\u0131mefendi Sokak 79 34381 \u015ei\u015fli Istanbul, T\u00fcrkiye <\/p><\/li>\r\n\t\t\t\t\t\t\t\t\t\t\t\t\t<li><p><i class=\"icon-telefon\"><\/i> Phone<\/p>\r\n\r\n\t\t\t\t\t\t<p>+90 533 700 85 89<\/p><\/li>\r\n\t\t\t\t\r\n\t\t\t\t\r\n\t\t\t\t\t\t\t\t\t<li><p><i class=\"icon-envelope\"><\/i> E-mail<\/p>\r\n\r\n\t\t\t\t\t\t<p><a href=\"mailto:&#105;nf&#111;&#64;&#114;&#97;s&#105;&#109;&#97;&#121;&#100;i&#110;&#46;c&#111;&#109;\">&#105;n&#102;o&#64;ras&#105;may&#100;in.&#99;&#111;&#109;<\/a><\/p><\/li>\r\n\t\t\t\t\t\t\t<\/ul>\r\n\t\t<\/div>\r\n\t\t[\/vc_column_inner][vc_column_inner width=&#8221;1\/3&#8243;]\t\t<div class=\"csmx-contact-info\" style=\"\">\r\n\t\t\t\t\t\t\t<h4>EUROPE<\/h4>\r\n\t\t\t\t\t\t<ul>\r\n\t\t\t\t\t\t\t\t\r\n\t\t\t\t\r\n\t\t\t\t\t\t\t<\/ul>\r\n\t\t<\/div>\r\n\t\t[\/vc_column_inner][vc_column_inner width=&#8221;1\/3&#8243;]\t\t<div class=\"csmx-contact-info\" style=\"\">\r\n\t\t\t\t\t\t\t<h4>ASIA<\/h4>\r\n\t\t\t\t\t\t<ul>\r\n\t\t\t\t\t\t\t\t\r\n\t\t\t\t\r\n\t\t\t\t\t\t\t<\/ul>\r\n\t\t<\/div>\r\n\t\t[\/vc_column_inner][\/vc_row_inner][\/vc_column][\/vc_row][vc_row css=&#8221;.vc_custom_1447842781528{padding-top: 50px !important;padding-bottom: 32px !important;}&#8221;][vc_column width=&#8221;1\/2&#8243;]<h3 class=\"csmx-section-title csmx-align-left\" style=\"color: #342849;\">Ba\u011flant\u0131<\/h3>\n<div class=\"wpcf7 no-js\" id=\"wpcf7-f793-o1\" lang=\"en-US\" dir=\"ltr\" data-wpcf7-id=\"793\">\n<div class=\"screen-reader-response\"><p role=\"status\" aria-live=\"polite\" aria-atomic=\"true\"><\/p> <ul><\/ul><\/div>\n<form action=\"\/index.php?rest_route=%2Fwp%2Fv2%2Fpages%2F26#wpcf7-f793-o1\" method=\"post\" class=\"wpcf7-form init\" aria-label=\"Contact form\" novalidate=\"novalidate\" data-status=\"init\">\n<fieldset class=\"hidden-fields-container\"><input type=\"hidden\" name=\"_wpcf7\" value=\"793\" \/><input type=\"hidden\" name=\"_wpcf7_version\" value=\"6.1.4\" \/><input type=\"hidden\" name=\"_wpcf7_locale\" value=\"en_US\" \/><input type=\"hidden\" name=\"_wpcf7_unit_tag\" value=\"wpcf7-f793-o1\" \/><input type=\"hidden\" name=\"_wpcf7_container_post\" value=\"0\" \/><input type=\"hidden\" name=\"_wpcf7_posted_data_hash\" value=\"\" \/>\n<\/fieldset>\n<p><span class=\"wpcf7-form-control-wrap\" data-name=\"your-name\"><input size=\"40\" maxlength=\"400\" class=\"wpcf7-form-control wpcf7-text wpcf7-validates-as-required form-control\" aria-required=\"true\" aria-invalid=\"false\" placeholder=\"Name *\" value=\"\" type=\"text\" name=\"your-name\" \/><\/span><br \/>\n<span class=\"wpcf7-form-control-wrap\" data-name=\"your-email\"><input size=\"40\" maxlength=\"400\" class=\"wpcf7-form-control wpcf7-email wpcf7-validates-as-required wpcf7-text wpcf7-validates-as-email\" aria-required=\"true\" aria-invalid=\"false\" placeholder=\"Your e-mail *\" value=\"\" type=\"email\" name=\"your-email\" \/><\/span><br \/>\n<span class=\"wpcf7-form-control-wrap\" data-name=\"your-subject\"><input size=\"40\" maxlength=\"400\" class=\"wpcf7-form-control wpcf7-text\" aria-invalid=\"false\" placeholder=\"Subject\" value=\"\" type=\"text\" name=\"your-subject\" \/><\/span><br \/>\n<span class=\"wpcf7-form-control-wrap\" data-name=\"your-message\"><textarea cols=\"40\" rows=\"10\" maxlength=\"2000\" class=\"wpcf7-form-control wpcf7-textarea\" aria-invalid=\"false\" placeholder=\"Your message...\" name=\"your-message\"><\/textarea><\/span>\n<\/p>\n<div class=\"csmx-align-right\">\n\t<p><input class=\"wpcf7-form-control wpcf7-submit has-spinner csmx-btn btn-bordered csmx-black-color\" type=\"submit\" value=\"Send\" \/>\n\t<\/p>\n<\/div><div class=\"wpcf7-response-output\" aria-hidden=\"true\"><\/div>\n<\/form>\n<\/div>\n[\/vc_column][vc_column width=&#8221;1\/2&#8243; css=&#8221;.vc_custom_1447843295721{margin-top: -40px !important;}&#8221;]\t\t\t\t<div class=\"csmx-single-image csmx-align-left\" style=\"margin-bottom: 580x580px;\">\r\n\t\t\t\t\t<div class=\"csmx-media\">\r\n\t\t\t\t\t\t<img loading=\"lazy\" decoding=\"async\" width=\"1024\" height=\"1024\" src=\"https:\/\/modelofturkey.com.tr\/wp-content\/uploads\/2015\/08\/20150805121839_2GaV4.thumb_.700_0.jpeg\" class=\"attachment-full\" alt=\"\" srcset=\"https:\/\/modelofturkey.com.tr\/wp-content\/uploads\/2015\/08\/20150805121839_2GaV4.thumb_.700_0.jpeg 1024w, https:\/\/modelofturkey.com.tr\/wp-content\/uploads\/2015\/08\/20150805121839_2GaV4.thumb_.700_0-150x150.jpeg 150w, https:\/\/modelofturkey.com.tr\/wp-content\/uploads\/2015\/08\/20150805121839_2GaV4.thumb_.700_0-300x300.jpeg 300w, https:\/\/modelofturkey.com.tr\/wp-content\/uploads\/2015\/08\/20150805121839_2GaV4.thumb_.700_0-768x768.jpeg 768w, https:\/\/modelofturkey.com.tr\/wp-content\/uploads\/2015\/08\/20150805121839_2GaV4.thumb_.700_0-380x380.jpeg 380w, https:\/\/modelofturkey.com.tr\/wp-content\/uploads\/2015\/08\/20150805121839_2GaV4.thumb_.700_0-160x160.jpeg 160w, https:\/\/modelofturkey.com.tr\/wp-content\/uploads\/2015\/08\/20150805121839_2GaV4.thumb_.700_0-708x708.jpeg 708w\" sizes=\"auto, (max-width: 1024px) 100vw, 1024px\" \/>\t\t\t\t\t<\/div>\r\n\t\t\t\t<\/div>\r\n\t\t\t[\/vc_column][\/vc_row][vc_row column_nopadding=&#8221;true&#8221;][vc_column width=&#8221;1\/4&#8243;]<div class=\"csmx-icon-box csmx-align- csmx-size-large csmx-style-3\" style=\"\"><div class=\"front\"><div class=\"csmx-icon\"><i style=\"color: #ffffff;\" class=\"icon-light-bulb\"><\/i><\/div><div class=\"csmx-icon-info\"><p>61,120,000<\/p><h5>Testimonials<\/h5><\/div><\/div><div class=\"back\"><div class=\"csmx-icon\"><i style=\"color: #ffffff;\" class=\"icon-light-bulb\"><\/i><\/div><div class=\"csmx-icon-info\"><p>61,120,000<\/p><h5>Testimonials<\/h5><\/div><\/div><\/div>[\/vc_column][vc_column width=&#8221;1\/4&#8243;]<div class=\"csmx-icon-box csmx-align- csmx-size-medium csmx-style-3\" style=\"\"><div class=\"front\"><div class=\"csmx-icon\"><i style=\"color: #ffffff;\" class=\"icon-magnifying-glass\"><\/i><\/div><div class=\"csmx-icon-info\"><p>805,126 Properties<\/p><h5>Fashion Show<\/h5><\/div><\/div><div class=\"back\"><div class=\"csmx-icon\"><i style=\"color: #ffffff;\" class=\"icon-magnifying-glass\"><\/i><\/div><div class=\"csmx-icon-info\"><p>805,126 Properties<\/p><h5>Fashion Show<\/h5><\/div><\/div><\/div>[\/vc_column][vc_column width=&#8221;1\/4&#8243;]<div class=\"csmx-icon-box csmx-align- csmx-size-medium csmx-style-3\" style=\"\"><div class=\"front\"><div class=\"csmx-icon\"><i style=\"color: #ffffff;\" class=\"icon-map\"><\/i><\/div><div class=\"csmx-icon-info\"><p>Work With Us<\/p><h5>Make Change To<\/h5><\/div><\/div><div class=\"back\"><div class=\"csmx-icon\"><i style=\"color: #ffffff;\" class=\"icon-map\"><\/i><\/div><div class=\"csmx-icon-info\"><p>Work With Us<\/p><h5>Make Change To<\/h5><\/div><\/div><\/div>[\/vc_column][vc_column width=&#8221;1\/4&#8243;]<div class=\"csmx-icon-box csmx-align- csmx-size-medium csmx-style-3\" style=\"\"><div class=\"front\"><div class=\"csmx-icon\"><i style=\"color: #ffffff;\" class=\"icon-calendars\"><\/i><\/div><div class=\"csmx-icon-info\"><p>Listed Daily <\/p><h5>New Deals<\/h5><\/div><\/div><div class=\"back\"><div class=\"csmx-icon\"><i style=\"color: #ffffff;\" class=\"icon-calendars\"><\/i><\/div><div class=\"csmx-icon-info\"><p>Listed Daily <\/p><h5>New Deals<\/h5><\/div><\/div><\/div>[\/vc_column][\/vc_row]<\/p>\n","protected":false},"excerpt":{"rendered":"<p>&#8230;<\/p>\n","protected":false},"author":1,"featured_media":3539,"parent":0,"menu_order":0,"comment_status":"closed","ping_status":"open","template":"","meta":{"footnotes":""},"class_list":["post-26","page","type-page","status-publish","has-post-thumbnail","hentry"],"_links":{"self":[{"href":"https:\/\/modelofturkey.com.tr\/index.php?rest_route=\/wp\/v2\/pages\/26","targetHints":{"allow":["GET"]}}],"collection":[{"href":"https:\/\/modelofturkey.com.tr\/index.php?rest_route=\/wp\/v2\/pages"}],"about":[{"href":"https:\/\/modelofturkey.com.tr\/index.php?rest_route=\/wp\/v2\/types\/page"}],"author":[{"embeddable":true,"href":"https:\/\/modelofturkey.com.tr\/index.php?rest_route=\/wp\/v2\/users\/1"}],"replies":[{"embeddable":true,"href":"https:\/\/modelofturkey.com.tr\/index.php?rest_route=%2Fwp%2Fv2%2Fcomments&post=26"}],"version-history":[{"count":17,"href":"https:\/\/modelofturkey.com.tr\/index.php?rest_route=\/wp\/v2\/pages\/26\/revisions"}],"predecessor-version":[{"id":3593,"href":"https:\/\/modelofturkey.com.tr\/index.php?rest_route=\/wp\/v2\/pages\/26\/revisions\/3593"}],"wp:featuredmedia":[{"embeddable":true,"href":"https:\/\/modelofturkey.com.tr\/index.php?rest_route=\/wp\/v2\/media\/3539"}],"wp:attachment":[{"href":"https:\/\/modelofturkey.com.tr\/index.php?rest_route=%2Fwp%2Fv2%2Fmedia&parent=26"}],"curies":[{"name":"wp","href":"https:\/\/api.w.org\/{rel}","templated":true}]}}